{"id":1156,"date":"2024-05-18T10:15:23","date_gmt":"2024-05-18T13:15:23","guid":{"rendered":"https:\/\/fasb.inovaland.earth\/?page_id=1156"},"modified":"2026-02-03T19:48:37","modified_gmt":"2026-02-03T22:48:37","slug":"corredor-da-mata","status":"publish","type":"page","link":"https:\/\/fasb.inovaland.earth\/en\/corredor-da-mata\/","title":{"rendered":"Forest Corridor"},"content":{"rendered":"<section class=\"custom-cursor-default-hover u-clearfix u-white u-section-2\" id=\"sec-3fc4\">\n      <div class=\"u-clearfix u-sheet u-sheet-1\">\n        <h1 class=\"u-align-left u-text u-text-1\"> Forest Corridor<\/h1>\n      <\/div>\n    <\/section>\n    <section class=\"custom-cursor-default-hover u-clearfix u-container-align-center u-image lazyload u-section-3\" id=\"sec-f116\" data-image-width=\"1600\" data-image-height=\"900\" data-bg=\"url(&quot;https:\/\/fasb.inovaland.earth\/wp-content\/uploads\/2024\/07\/Foto_HUDSONANAUA.jpeg&quot;)\">\n      <div class=\"u-clearfix u-sheet u-sheet-1\"><\/div>\n    <\/section>\n    <section class=\"custom-cursor-default-hover u-clearfix u-section-4\" id=\"sec-be52\">\n      <div class=\"u-clearfix u-sheet u-sheet-1\">\n        <h2 class=\"u-text u-text-default u-text-1\"> Creating a 500 kilometres ecological corridor in Bahia.<br>\n        <\/h2>\n        <div class=\"data-layout-selected u-clearfix u-expanded-width u-layout-wrap u-layout-wrap-1\">\n          <div class=\"u-layout\" style=\"\">\n            <div class=\"u-layout-row\" style=\"\">\n              <div class=\"u-container-align-center u-container-style u-layout-cell u-size-20-lg u-size-20-xl u-size-28-md u-size-28-sm u-size-28-xs u-layout-cell-1\" data-href=\"https:\/\/www.google.com\/maps\/d\/edit?mid=1nRgciiONEceAH_euFI2TM-Q5QPu8YI4&amp;usp=sharing\" data-target=\"_blank\">\n                <div class=\"custom-cursor-default-hover u-container-layout u-container-layout-1\">\n                  <div class=\"u-expanded u-grey-light-2 u-map\">\n                    <div class=\"embed-responsive\">\n                      <iframe class=\"embed-responsive-item lazyload\" data-map=\"JTdCJTIycG9zaXRpb25UeXBlJTIyJTNBJTIybWFwLWVtYmVkJTIyJTJDJTIyYWRkcmVzcyUyMiUzQSUyMk1hbmhhdHRhbiUyQyUyME5ldyUyMFlvcmslMjIlMkMlMjJ6b29tJTIyJTNBMTAlMkMlMjJ0eXBlSWQlMjIlM0ElMjJyb2FkJTIyJTJDJTIybGFuZyUyMiUzQW51bGwlMkMlMjJhcGlLZXklMjIlM0FudWxsJTJDJTIybWFya2VycyUyMiUzQSU1QiU1RCUyQyUyMmVtYmVkJTIyJTNBJTIyaHR0cHMlM0ElMkYlMkZ3d3cuZ29vZ2xlLmNvbSUyRm1hcHMlMkZkJTJGZW1iZWQlM0ZtaWQlM0QxblJnY2lpT05FY2VBSF9ldUZJMlRNLVE1UVB1OFlJNCUyNmVoYmMlM0QyRTMxMkYlMjZub3Byb2YlM0QxJTIyJTdE\" data-src=\"https:\/\/www.google.com\/maps\/d\/embed?mid=1nRgciiONEceAH_euFI2TM-Q5QPu8YI4&amp;ehbc=2E312F&amp;noprof=1\" loading=\"lazy\"><\/iframe>\n                    <\/div>\n                  <\/div>\n                <\/div>\n              <\/div>\n              <div class=\"u-container-style u-layout-cell u-size-32-md u-size-32-sm u-size-32-xs u-size-40-lg u-size-40-xl u-layout-cell-2\">\n                <div class=\"custom-cursor-default-hover u-container-layout u-container-layout-2\">\n                  <p class=\"u-text u-text-body-color u-text-default u-text-2\"> The Forest Corridor is being realised with funds from KIRKBI and Suzano, with a contribution of around 3 million Euros, for the construction of a 500 kilometres long ecological corridor, connecting more than 150,000 hectares of hectares of Atlantic Forest remnants in the region&nbsp;<i>Hileia&nbsp;Baiana,&nbsp;<\/i>according to available files <a href=\"https:\/\/chamadas.funbio.org.br\/floresta-viva-conectando-paisagens\/download\/anexo\/corredor_ecologico.zip?id=8dec9754-6981-46a1-9477-0b76023ddb73\" class=\"u-active-none u-border-none u-btn u-button-link u-button-style u-file-link u-hover-none u-none u-text-palette-1-base u-btn-1\" target=\"_blank\">on this link<\/a>&nbsp;and the area demarcated on the map.<br>\n                  <\/p>\n                  <h4 class=\"u-text u-text-3\">How to take part?<\/h4>\n                  <p class=\"u-text u-text-body-color u-text-4\"> With a straightforward\nrequirements, to take part in the Programme, all that is required is that the\narea is within the corridor, according to the sections demarcated on the map opposite.&nbsp;&nbsp;<br>\n                    <br>Interest in being part of the construction of the\ncorridor can be submitted directly by the rural property owner or their\nrepresentative by filling in the following form.&nbsp;<br>\n                    <br>O\nThe call for expressions of interest is now open and will remain open continuously until December 2026.\nIt's your turn to be our partner! Sign up for the <b><span style=\"font-weight: 400;\">form<\/span>.<\/b>\n                    <br>\n                  <\/p>\n                  <a href=\"https:\/\/forms.office.com\/e\/Uq6fuFNTfU\" class=\"u-align-center u-btn u-button-style u-hover-palette-1-dark-1 u-palette-1-base u-btn-2\" target=\"_blank\"><span class=\"u-file-icon u-icon u-text-white\"><img decoding=\"async\" src=\"data:image\/png;base64,iVBORw0KGgoAAAANSUhEUgAAAIAAAACACAYAAADDPmHLAAAAAXNSR0IArs4c6QAADB1JREFUeF7tXQvMHUUV\/j58oAaxFlERDWJNEAmV+kBFDA8RBJNqU4TGSHwBGlRUTAg+UUmQSJSgEAUfQRQJNogKAlYMFlBoI1hECBIfFA0FITxVlCrH\/X7n1vvff+bu7L17787unZP8SdM7O3PmfN\/O48zsOUSWVljAzBYB2BPAs93fvwHcBeBOAOtIPjJKRzjKQ\/mZ6VjAzJ4E4CgAKwG8BsDjAy0L\/CsBfBfA+SQfi9UwEyDWUlMsZ2ZbATgSwKcA7Fix6VsAfJzkD2KeywSIsdIUy5jZ09ybfMiYzX4VwLEkNw+rJxNgTCvX+biZLQFwCYAX1VTvWgArSN4fqi8ToCZLj1uNmb3QzePPHbeuged\/DeAAkvf56s0EqNnao1Q3AvgPA3gigK0j2wuSIBMg0oKTKlYB\/EsBfBPABgB\/BPA4N1UsA3AcgD1KdPSSIBNgUshG1BsJ\/gMAPkTyW6EqzUzbwxMAfNKNDKGi1xfTzD4k\/94rkAkQAdQkikSC\/3sAryN5R4wOZvZyAGsAPH1I+dUkD8sEiLHohMpUAH8\/kn+pooaZvRTAFSUkOJ7kqao3jwBVrFtD2UmC31MvggT\/ALCE5F1jEcDMtgPw1BrsUqWKh0JbmiqVNFE2Eny5cZeSvHkcHSNIcAbJD0QTwMyeBWA5gDcB2BXAcwDIV92E3AjgnSS1sm2FRILf68s6AAeSfGiczpnZioJM3w\/U8SiA7UsJYGa7FyvLkwHINSkfdSqiU7BdxzXSNDpTEfy6SfA9AG8J9PPwIAHMbDGALwI4IjHg+\/uykmSI4dPAtrSNEcHv1XsdgIPGIbmZPbMYLTcGRuvzvAQwsxcD+JEWCqU9bLbAW0me36wK4dbHBL9OEohIr\/RoumEBAcxsv8KrpKPEbVM1rNNL8+MuWsmmqGck+Lfr6BbAWQC2GdKPsUYCMzsTwDGe+jfNI4CZaXF3LQAdSaYs9wJ4B8kfp6hkBfD3JbnRzPYu3tDLSkggXDQd6BygkpjZ+wF82fPQ5i0EcFs6rT7Lhn3tIW8oFoXr3d\/dlbQZv\/CDxaLmZpJaxSYnVcHvdWCSJCjuGJwmd7LHWPf0E+Bsd\/0oZFTdQTulOIQ4KVXjN82GUcGfNAnM7CoAr\/XY56Y5ApiZLiD81p0w+eyo3zTk6jAhi8cC44JfkQS\/BPCGmOnAzLS22BSYXi7qEWDYXvE2AMtIaujPMkHwJ0GCYmrX3K81gE+OpJnJlXtP4HLBf4qDhb1JahWaZQrg10kCM9urOE28OuDHkct5BxFAR4MXBNA9heRHM\/J+C9Q17IfsG7kw\/IWbDv7WX4+Z6WqZ5v6dA\/VfQHKVCHCu8\/YNlhNDFsXMM7NIkEmDX3EkmEcCM3segJ8DeEEAGy3odyN5mwighzVUDMrvSNZ1O7VTHJkW+BVJcE3xhdDBxX5fJ7T6SCT05qvaLxU3hT+of4gAul\/mK3weybd1CrkaOjNt8CuSQLsDndI+f0hXVUYXTeb8KCKAPivyHet+hKQOg7I4C0SC\/ydnYB3A1CqRa4Jhbf5Z3xf2u89FAAs8ofP2c2rtQYsrqwC+3LtRd\/hGMccYJNDVMr35ume4RTIBIlBIBfyK00F\/z7zg96aAPAIMIUFq4I9AgiD4mQAlb3+q4EttM9NCT\/t8bflCMhT8TIAWvvl94Gufv9M44GcCBKzXgje\/FvAzATwEmCXwMwEGCDBr4GcC9BFgFsHPBHAEmFXwMwH+t52Kicwh9+5EPXy+9ajb6tW24PO1MdOewEjwdVgmF+rE3LtNgT\/TI0AF8PXm6xBlajKNN7\/XmZkcATL4\/+fyzBEggz9\/IJspAmTwF85iM0OADL5\/CTMTBMjgh9evnSdABn\/45qXTBMjgl+9cO0uADH45+J11BGXw48DvJAEiwf+Dc+921sMXS4FOTQEZ\/FjYO+gJrAC+fPuVwq9WN+v8J6bp26+qaydGgAx+Vdg7NAJk8EcHv\/WLwAz+eOC3mgAZ\/PHBby0BMvj1gN9KAmTw6wO\/dQTI4NcLfqsIYGY7uMikw\/LqycOX9\/kVeNIaP8CQYFa97irwQeUcOxVs5S2aspMnpm+tIICZKQuWYhkqV55PFO9GySN0hXtq0nbwWzMFmNmhRViz1SXIKr\/BoWXJkutiRxfAbxMBvg7g3RHgTYUEXQG\/TQTQVznDImH0c+OHypEzqZGgS+C3ggAufU3VFGoTIUHXwG8LAT7skldFzADziijtzWF1jQRdBL8tBLhcqVI86Ctn0FMAKHFySGohQVfBT54AZqYIpvcBeLIH4W8AEDmUNWxiJOgy+G0gwIEAfhJ4vTW8r3ZbxDISXATg8KrTQdfBbwMBvgDgOA8BlMhi+yLi9f36bRIkmAXw20AA5SrazUOA60i+uv\/\/I0mgLKMaCRQvPyizAn7SBHAZL0LXtj9D8tODCNZBglkCP3UCyPMnD6BP9iKpRIoLJJIEFwJYNTgSzBr4qRMglMnsAQDPIKl1gFdGIcEsgp8sAcxMp346\/dMp4KBcSFKHQ0OlCgmKkUZ3DCYajatM36Z+T\/I42Mxe5XIY++xyNMmvxRgskgQ6QHpJHYGXY3RKrUyqBDixMNSCRZ4z3k5VQrZFkmAYLqUh11MDtYo+qRJAiY3mbfNcp24lqQznlWQMErQOfDNTCPlVLlXs5SSVFS4oyRGg5PbP6SR9WbDL1gNPAHAqgLlUaZHSRvCVhv5SAMoGK1E2mBNIfj7U5xQJMOz2zyEkL4sB0N0g1iGS3Mn7B5Inh6pqHfhzaJttcOuZ\/n5t1iKX5F99nU2RAKHbP\/8qEh4uDiWxdjmQBbRA118oa2YZf9oKvg7MlD52K08HDyK5pi0ECN3++RnJA3qdMDNlPn+Ze8MFuNYMGurHkVaC797+RcUUN3c24pEVJHU0vkCSGgFKbv8cD+A7fYC\/Xg6hcdAeeFa3jt48mFevxvonWpWZdYIAw27\/bFK685qt+LDLs6u349tlh0Q1t11rdV0hQOj2T13G0qr4BnfHQPcMrq16R6AuRequp\/UEKLn9M469NHJoASTAf0ry3nEqS\/XZLhBg2O2fKnbXbuHqHugkf1Pl4baW7QIB3gvgKyMCcGvfsL42tFUcse5WPNYFAhxR7N3PjbS2joSvcKCvqXI2EFl\/64p1gQBbF1\/0aCu2xGN9nf2v75vL1w+7D9A69GpQuPUEkA3MbOfCj62LoHs6r5bmci3e5AQKOTlqMF\/7q+gEAdoPQ3M9yARozvZJtJwJkAQMzSmRCdCc7ZNoORMgCRiaUyIToDnbJ9FyJkASMDSnRCZAc7ZPouVMgCRgaE6JTIDmbJ9Ey5kAScDQnBKZAM3ZPomWMwGSgKE5JTIBmrN9Ei1nAiQBQ3NKZAI0Z\/skWs4ESAKG5pTIBGjO9km0XEIAffGk+MkLRJ+GPVjE4t3W89uJJD+bRO+yEqUWMLOlAG4MFNyf5JUhAuhK9S6eHy8muby05VwgCQuY2buKkPoKn+sTZVMRzt4RQMzY1\/PbnUUsnh2T6F1WotQCZnYmgGMCBReR1EjvJcDpRUDmYwMPLpl2Hp7SnuYCXguYmYZ\/TQODcgdJhY3xitYAevu984OicZM8ONs8bQuY2dHFl9NnBbQcGlZHBFBMvrsBbBeo4D0kz07bBLOrnQsKdVNfXKBBYyiP4trgCKAfzOxzCiYUKKSwIwrNqkayJGQBM1PCjEuULzGglr60WkrysTICKLqEsm4uDhT8J4BPADhtWGUJ2abzqpiZIoKdE\/iUrtf\/5SQvHmYMxdmZk8IfEJObR59qfQzA9SQf6byVE+ugmSkAlLbsR7mQd76AUD2tryr2\/vuUdaGfAKpMmTVi9v76WPMWAL8qth7e8GNlDeffK1lAQ\/0eAJZFhrvTmu4VJEPh9rc0voUAbhTYBsA1nlhzlbTNhRu1gAJkyPOnaKulMo8AjgQKxKR5QyHYsrTLAgp6pTwIihYaJQsI4EigIUfBGlZG1ZILpWABJc7Woq9Skk0vARwJ9Nvbi8iTOhCKTduagiFmTQcN+XIDn1TEUVbklEoSJECvFhe9632ODLtXqj0XnqQFlFBD8Q1PJnn7qA2VEqC\/YhfB440AFLJdB0X660WmHlWH\/Fy5BR4FoHB3CmW7UeHuAKyrwyfzX8W1nGOIYgslAAAAAElFTkSuQmCC\" alt=\"\"><\/span>&nbsp;Fill the form\n                  <\/a>\n                  <h4 class=\"u-text u-text-5\">Technical assistance<\/h4>\n                  <p class=\"u-text u-text-body-color u-text-6\"> Technical support will be\nthrough the FASB Programme. Interested parties will receive support in\nbuilding the proposal and developing the restoration project until its completion.\nfinalised.&nbsp; &nbsp;&nbsp;<br>\n                    <br>FASB's technical assistance covers the following areas:<br>\n                  <\/p>\n                  <ul class=\"u-text u-text-body-color u-text-7\">\n                    <li> Technical support for filling in the expression of interest form.<br> assistance in drawing up the proposal, clarification of doubts and technical analysis of the<br> proposals.\n                    <\/li>\n                    <li>Technical field visits to solve problems and guide the team<br> developer.\n                    <\/li>\n                    <li>Strengthening and improving the network of relationships between project-executing institutions.<\/li>\n                  <\/ul>\n                  <h4 class=\"u-text u-text-8\">Programme Management<\/h4>\n                  <p class=\"u-text u-text-body-color u-text-9\"> The Forest Corridor is managed by iNovaland\nInvestment Limited,\nwhich will be responsible for selecting and contracting the projects. The submission of expressions of interest\nis already open and will continue continuously until December 2026.&nbsp;<\/p>\n                  <div class=\"u-expanded-width u-list u-list-1\">\n                    <div class=\"custom-cursor-default-hover u-repeater u-repeater-1\">\n                      <div class=\"u-container-style u-list-item u-repeater-item\">\n                        <div class=\"custom-cursor-default-hover u-container-layout u-similar-container u-container-layout-3\">\n                          <img class=\"custom-cursor-default-hover u-align-center u-expanded-width u-image u-image-contain u-image-default lazyload u-image-1\" alt=\"\" data-image-width=\"500\" data-image-height=\"500\" data-src=\"https:\/\/fasb.inovaland.earth\/wp-content\/uploads\/2023\/05\/kirbi_logo.jpeg\" loading=\"lazy\">\n                        <\/div>\n                      <\/div>\n                      <div class=\"u-container-style u-list-item u-repeater-item\">\n                        <div class=\"custom-cursor-default-hover u-container-layout u-similar-container u-container-layout-4\">\n                          <img class=\"custom-cursor-default-hover u-align-center u-expanded-width u-image u-image-contain u-image-default lazyload u-image-2\" alt=\"\" data-image-width=\"4096\" data-image-height=\"956\" data-src=\"https:\/\/fasb.inovaland.earth\/wp-content\/uploads\/2024\/07\/suzano-logo.png\" loading=\"lazy\">\n                        <\/div>\n                      <\/div>\n                      <div class=\"u-container-style u-list-item u-repeater-item\">\n                        <div class=\"custom-cursor-default-hover u-container-layout u-similar-container u-container-layout-5\">\n                          <img class=\"custom-cursor-default-hover u-align-center u-expanded-width u-image u-image-contain u-image-default lazyload u-image-3\" alt=\"\" data-image-width=\"300\" data-image-height=\"80\" data-src=\"https:\/\/fasb.inovaland.earth\/wp-content\/uploads\/2024\/06\/iNovaland-300px.jpg\" loading=\"lazy\">\n                        <\/div>\n                      <\/div>\n                    <\/div>\n                  <\/div>\n                <\/div>\n              <\/div>\n            <\/div>\n          <\/div>\n        <\/div>\n      <\/div>\n    <\/section>","protected":false},"excerpt":{"rendered":"<p>Corredor da Mata Criando um corredor ecol\u00f3gico de 500km na Hileia Baiana. O Corredor da Mata est\u00e1 sendo realizado com recursos da KIRKBI e da Suzano, tendo o aporte de cerca de 3 milh\u00f5es de Euros, para a constru\u00e7\u00e3o de um corredor ecol\u00f3gico de 500km de extens\u00e3o, conectando mais de 150 mil hectares de remanescentes &hellip; <a href=\"https:\/\/fasb.inovaland.earth\/en\/corredor-da-mata\/\" class=\"more-link\">Continue reading<span class=\"screen-reader-text\"> &#8220;Corredor da Mata&#8221;<\/span><\/a><\/p>","protected":false},"author":2,"featured_media":0,"parent":0,"menu_order":0,"comment_status":"closed","ping_status":"closed","template":"","meta":{"footnotes":""},"class_list":["post-1156","page","type-page","status-publish","hentry"],"jetpack_sharing_enabled":true,"_links":{"self":[{"href":"https:\/\/fasb.inovaland.earth\/en\/wp-json\/wp\/v2\/pages\/1156","targetHints":{"allow":["GET"]}}],"collection":[{"href":"https:\/\/fasb.inovaland.earth\/en\/wp-json\/wp\/v2\/pages"}],"about":[{"href":"https:\/\/fasb.inovaland.earth\/en\/wp-json\/wp\/v2\/types\/page"}],"author":[{"embeddable":true,"href":"https:\/\/fasb.inovaland.earth\/en\/wp-json\/wp\/v2\/users\/2"}],"replies":[{"embeddable":true,"href":"https:\/\/fasb.inovaland.earth\/en\/wp-json\/wp\/v2\/comments?post=1156"}],"version-history":[{"count":60,"href":"https:\/\/fasb.inovaland.earth\/en\/wp-json\/wp\/v2\/pages\/1156\/revisions"}],"predecessor-version":[{"id":2254,"href":"https:\/\/fasb.inovaland.earth\/en\/wp-json\/wp\/v2\/pages\/1156\/revisions\/2254"}],"wp:attachment":[{"href":"https:\/\/fasb.inovaland.earth\/en\/wp-json\/wp\/v2\/media?parent=1156"}],"curies":[{"name":"wp","href":"https:\/\/api.w.org\/{rel}","templated":true}]}}