{"id":1266,"date":"2024-06-01T18:57:26","date_gmt":"2024-06-01T21:57:26","guid":{"rendered":"https:\/\/fasb.inovaland.earth\/?page_id=1266"},"modified":"2025-09-05T11:29:10","modified_gmt":"2025-09-05T14:29:10","slug":"conectando-paisagens","status":"publish","type":"page","link":"https:\/\/fasb.inovaland.earth\/en\/conectando-paisagens\/","title":{"rendered":"Connecting Landscapes"},"content":{"rendered":"\n    \n    <section class=\"custom-cursor-default-hover u-clearfix u-white u-section-2\" id=\"sec-3fc4\">\n      <div class=\"u-clearfix u-sheet u-sheet-1\">\n        <h1 class=\"u-align-left u-text u-text-1\"> Conectando Paisagens<\/h1>\n      <\/div>\n    <\/section>\n    <section class=\"custom-cursor-default-hover u-clearfix u-container-align-center u-image lazyload u-section-3\" id=\"sec-f116\" data-image-width=\"1600\" data-image-height=\"900\" data-bg=\"url(&quot;https:\/\/fasb.inovaland.earth\/wp-content\/uploads\/2024\/05\/CONECTANDO-PAISAGENS.jpeg&quot;)\">\n      <div class=\"u-clearfix u-sheet u-sheet-1\"><\/div>\n    <\/section>\n    <section class=\"custom-cursor-default-hover u-clearfix u-section-4\" id=\"sec-be52\">\n      <div class=\"u-clearfix u-sheet u-valign-middle-md u-valign-middle-sm u-sheet-1\">\n        <editor-squiggler aria-hidden=\"true\" tabindex=\"-1\" style=\"height: 0px; width: 0px; margin-bottom: 0px;\">\n          <style> @media print {\n    .ms-editor-squiggler {\n        display:none !important;\n    }\n  }\n  .ms-editor-squiggler {\n    all: initial;\n    display: block !important;\n    height: 0px !important;\n    width: 0px !important;\n  }<\/style>\n          <div class=\"ms-editor-squiggler\"><\/div>\n        <\/editor-squiggler>\n        <h2 class=\"u-text u-text-default u-text-1\">Floresta Viva Conectando Paisagens FASB<\/h2>\n        <div class=\"data-layout-selected u-clearfix u-expanded-width u-layout-wrap u-layout-wrap-1\">\n          <div class=\"u-layout\" style=\"\">\n            <div class=\"u-layout-row\" style=\"\">\n              <div class=\"u-container-style u-image u-layout-cell u-size-23 lazyload u-image-1\" data-image-width=\"476\" data-image-height=\"852\" data-bg=\"url(&quot;https:\/\/fasb.inovaland.earth\/wp-content\/uploads\/2024\/05\/219eedc5-164a-4e59-8171-49c790ae3781.png&quot;)\">\n                <div class=\"custom-cursor-default-hover u-container-layout u-container-layout-1\"><\/div>\n              <\/div>\n              <div class=\"u-container-style u-layout-cell u-size-37 u-layout-cell-2\">\n                <div class=\"custom-cursor-default-hover u-container-layout u-container-layout-2\">\n                  <p class=\"u-text u-text-default u-text-palette-1-base u-text-2\"> O Floresta Viva Conectando Paisagens FASB est\u00e1 sendo realizado com recursos da iNovaland\u00ae Investment Limited e do Banco Nacional de Desenvolvimento Econ\u00f4mico e Social (BNDES), tendo o aporte de cerca de 3 milh\u00f5es de Euros - divididas em duas chamadas - para apoiar a restaura\u00e7\u00e3o ecol\u00f3gica e fortalecimento da cadeia produtiva da restaura\u00e7\u00e3o para a forma\u00e7\u00e3o de corredores ecol\u00f3gicos na&nbsp;Hileia&nbsp;Baiana.&nbsp;<br>\n                  <\/p>\n                  <h3 class=\"u-text u-text-3\"> Origina\u00e7\u00e3o<\/h3>\n                  <p class=\"u-text u-text-palette-1-base u-text-4\"> O FASB \u00e9 um programa de origina\u00e7\u00e3o e acelera\u00e7\u00e3o de projetos, da iNovaland\u00ae, que atua diretamente com os desenvolvedores de projetos e investidores , realizando assist\u00eancia t\u00e9cnica desde os est\u00e1gios iniciais at\u00e9 \u00e0 sua implementa\u00e7\u00e3o completa e monitorando resultados por meio de indicadores bem estabelecidos apresentados por meio de relat\u00f3rios peri\u00f3dicos.&nbsp;Essa abordagem reduz riscos, permite alta qualidade e acelera a expans\u00e3o.<\/p>\n                  <a href=\"mailto:originacao.fasb@inovaland.earth?subject=Pedido de informa\u00e7\u00e3o\" class=\"u-active-palette-1-base u-align-center u-border-none u-btn u-button-style u-hover-palette-1-dark-1 u-btn-1\"><span class=\"u-file-icon u-icon u-text-white\"><img decoding=\"async\" src=\"data:image\/png;base64,iVBORw0KGgoAAAANSUhEUgAAAIAAAACACAYAAADDPmHLAAAAAXNSR0IArs4c6QAABs5JREFUeF7tndurVVUUh79BRpq9VVBk0sWEyLeCCLrhi09FDxGYHaykP0DxgpTQhQJDqj9AugiKYkL4ViREBfXQmz1UqJGURFRPogXVaI\/TXrbPOfsc1557rb3nmmOsN7drzTN\/v\/GNsebce861hDhcOyCu1Yd4AgDnEAQAAYBzB5zLjwoQADh3wLn8qAABgHMHnMuPChAAOHfAufyoAAGAcwecy48KEAA4d8C5\/KgAAcDiDqjqTcCjwAZgNXADsNy5Z7nL\/wP4GTgLfAgcF5GfFuv00AqgqjcDLwBbgCtyVxz9W9KBf4BjwC4R+X7+mQsAUNUngf3AijC2KAcuWEKLyOFBVXMAUNXnexn\/CsRCkaJC\/78YtcouIq9VH10CQFVngAOFCg9ZcyGYEZGD9tEsAKq6BjgZAzw3nNhA8S4ROVMBcAR4wo38EGoOHBaRjaKqdwDfxn3fHRU2HlhrAOzsjfj3upMfgs2BHQbACWB9+OHSgY8NgDPArS7lh+jTBoB9QRBf+viE4UIA4DPwlerzBsDp3hdAt\/n2wa36UwbAUeBxtxb4Fn7UAHgaeMe3D27VbzYAVgI\/ANe6tcGn8N9tjUf1VfAO4HWfPrhVvUNE9lUAXAl8Btzr1g5fwr8AHhSRvwZ\/DrblX5\/GjKB4EmzWZ8E\/d+nn4Eqyqq4CPgDuLt4GnwK\/Ah4bXCM4bEnYVf1VQdtiPWAxlPwNvAHsEZE\/B1UtuixcVW08YNPDO4uxwacQK\/nPiojd3hccS+4LUFVbAv4isD2qQefosdXAtrh3q4jY7z1Dj1obQ6IadC74S2Z9rVvAfMlRDToBQa2snwOAqi6z+WBdeVEN6jo18fNqZ\/3ArG+ZfRVsXwpsFpHv6nY5qkFdpyZy3shZb71S1bW9hUDvGQC2ONCWCdtgb5+I2JSh1hHVoJZNbZ6UkvU27nuuPy1cWQFQdfLL3g9Dz4jIN3V7HdWgrlONnpea9bbu423goao38wGwz6MaNBqrxhsbO+vnDwLtFjDsiGrQeOzGarCxrK8LQFSDseLV6MWNZv0oAMTYoNE4jtxYK1mfAkBUg5FjN\/YFrWV9KgBRDcaOaa0GWs\/6cQGIalArjkknTSTrmwAgqkFSfBe9aKJZ3yQAUQ3GB2HiWd80AFEN0iCYWta3BUBUg\/ogTDXr2wQgqsHSEGSR9ZMAIKrBQhCyyfpJARDV4D8Hssv6SQPguRpkmfXTAMBbNcg666cJgIdqkH3WTxuAUqtBZ7I+FwBKqgadyvqcAOh6Nehk1ucIQBerQWezPlcAulINOp\/1uQOQczUoIuu7AEBu1aCorO8SADlUg+KyvmsATKsaFJv1XQVgnGpwD\/AmcP\/CH+mGfmJPTNsmIvZMnVqHqs7Zc1frogxOGrY1LINuXbYLI+9ashZ770Z4wHZCAw8Dt8\/7K6d6n38yu2NW5PPL9mDgBFVdsOdulOuneW5XAUiuBpXZqnoNcL1xAfwqIudHDURXs77Lt4BhMUqqBqMGe\/75Xc760gAYuxqMAkMJWV8iAMkzhRGD39l7\/WI6uzwGWEzTReBl4C0RsWcdjH30H4Kx1R60WNrrdUoEoAq4vSl7N\/D+KI+9GaRFVe3N6fZCTXvX7i1jk5RhAyUDUNn9Yy947wIH6z76RlXt6aibAHuZhj1Eu9jDAwCDwfsFsFnD1zb1A37r\/6e9LOO6XrVYB9zXnx4WG\/SSB4EugtakSG8VoEnvimgrACgijOkiAoB074q4MgAoIozpIgKAdO+KuDIAKCKM6SICgHTvirgyACgijOkiAoB074q4MgAoIozpIgKAdO+KuDIAKCKM6SICgHTvirgyACgijOkiAoB074q4MgAoIozpIgKAdO+KuNIAsBcLryhCTYgY1YGLBoBtf7b17nH4c+CUAXACWO9PeygGThgAO3u3gL1hh0sHthsA9hJhe1Ws7W+Pw48Dtit67WzQexshjvR3wPiRH0oPicimCoA1wElgefjiwgHbP7lORM5cKvu92cBMbzZwwIV83yKt9D8lIofMhjn3fVW13a8vxXigWEIs+HtE5NVK4YKBn6puBPYDVxdrg09h9oXfFhE5PCh\/6MhfVVf198JvAWyLdBzddcAed3cM2CUitmV+zrHk1E9VbWv0I8AGYDVwYwwUsyfBHopxDjgLfAQcFxH799Aj5v7Zx7PdDgYA7fqbfesBQPYhareDAUC7\/mbfegCQfYja7WAA0K6\/2bceAGQfonY7GAC062\/2rQcA2Yeo3Q4GAO36m33rAUD2IWq3gwFAu\/5m33oAkH2I2u1gANCuv9m3HgBkH6J2OxgAtOtv9q3\/C2Gdlo+iQkmkAAAAAElFTkSuQmCC\" alt=\"\"><\/span>&nbsp;Origina\u00e7\u00e3o FASB\n                  <\/a>\n                  <h3 class=\"u-text u-text-5\"> Assist\u00eancia t\u00e9cnica<\/h3>\n                  <p class=\"u-text u-text-palette-1-base u-text-6\"> A assist\u00eancia t\u00e9cnica do FASB aos projetos do Edital cobre as seguintes \u00e1reas:<br>\n                  <\/p>\n                  <ul class=\"u-text u-text-palette-1-base u-text-7\">\n                    <li> Apoio\nt\u00e9cnico ao preenchimento do formul\u00e1rio para o atendimento adequado ao Edital.<\/li>\n                    <li>aux\u00edlio\nna elabora\u00e7\u00e3o da proposta, esclarecimento de d\u00favidas e an\u00e1lise t\u00e9cnica das\npropostas.<\/li>\n                    <li style=\"\"><!--[endif]-->Recomenda\u00e7\u00f5es\nt\u00e9cnicas para resolu\u00e7\u00e3o de problemas enfrentados pelos projetos contratados.<\/li>\n                    <li><!--[endif]-->Visitas t\u00e9cnicas de campo, visando a\norienta\u00e7\u00e3o da equipe desenvolvedora.<\/li>\n                    <li style=\"\">Fortalecimento e melhoria da rede de relacionamento\nentre as institui\u00e7\u00f5es executoras de projetos.<\/li>\n                  <\/ul>\n                  <h3 class=\"u-text u-text-8\"> Edital<\/h3>\n                  <p class=\"u-text u-text-body-color u-text-9\"><span class=\"u-text-palette-1-base\">O Conectando Paisagens \u00e9 executado por Edital, sendo o FUNBIO o gestor operacional e respons\u00e1vel pela sua condu\u00e7\u00e3o. O Edital tem como objetivo selecionar projetos para a implementa\u00e7\u00e3o de a\u00e7\u00f5es de restaura\u00e7\u00e3o ecol\u00f3gica visando a forma\u00e7\u00e3o de corredores ecol\u00f3gicos no sul da Bahia e norte do Esp\u00edrito Santo.&nbsp;<\/span>\n                    <br>\n                    <br><span style=\"font-weight: 700;\" class=\"u-text-palette-1-base\"><span class=\"u-icon\"><\/span><span style=\"font-weight: 400;\">A <span style=\"font-weight: 700;\">2\u00aa chamada<\/span> para submiss\u00e3o de projetos aconteceu no per\u00edodo de <span style=\"font-weight: 700;\">27 de maio a 29 de agosto de 2025.&nbsp;<\/span><\/span><\/span><span class=\"u-text-palette-1-base\" style=\"font-weight: 700;\">\n                      <br><\/span>\n                    <br><span class=\"u-text-palette-1-base\">Ser\u00e3o destinados <span style=\"font-weight: 700;\">R$ 8,8 milh\u00f5es<\/span> a projetos de\nrestaura\u00e7\u00e3o ecol\u00f3gica e forma\u00e7\u00e3o de corredores ecol\u00f3gicos de Mata Atl\u00e2ntica do\nSul da Bahia ao Norte do Esp\u00edrito Santo.<\/span>\n                    <br>\n                    <br><span style=\"font-weight: 700;\" class=\"u-text-palette-1-base\">Ciclo de Capacita\u00e7\u00f5es \u2013 Edital Floresta Viva: Conectando Paisagens.<\/span><span class=\"u-text-palette-1-base\">\n                      <br>\n                      <br><\/span><span class=\"u-text-palette-1-base\" style=\"\"><span style=\"font-weight: 700;\">Foram realizados tr\u00eas encontros online<\/span> com a equipe do FUNBIO e os proponentes dos projetos para esclarecer d\u00favidas sobre a&nbsp;documenta\u00e7\u00e3o e os procedimentos para submiss\u00e3o das propostas.<\/span>\n                    <br>\n                  <\/p>\n                  <editor-squiggler aria-hidden=\"true\" tabindex=\"-1\" style=\"height: 0px; width: 0px; margin-bottom: 0px;\">\n                    <style> @media print {\n    .ms-editor-squiggler {\n        display:none !important;\n    }\n  }\n  .ms-editor-squiggler {\n    all: initial;\n    display: block !important;\n    height: 0px !important;\n    width: 0px !important;\n  }<\/style>\n                    <div class=\"ms-editor-squiggler\"><\/div>\n                  <\/editor-squiggler>\n                <\/div>\n              <\/div>\n            <\/div>\n          <\/div>\n        <\/div>\n        <div class=\"u-container-style u-expanded-width-xs u-group u-palette-1-light-2 u-group-1\">\n          <div class=\"custom-cursor-default-hover u-container-layout u-container-layout-3\">\n            <p class=\"u-align-center u-large-text u-text u-text-variant u-text-10\">Conhe\u00e7a o Edital da 2\u00aa chamada na \u00edntegra\u200b:<\/p>\n            <a href=\"https:\/\/chamadas.funbio.org.br\/conectando-paisagens-2\" class=\"u-align-center u-btn u-button-style u-hover-palette-1-dark-1 u-palette-1-base u-btn-2\"><span class=\"u-file-icon u-icon u-text-white\"><img decoding=\"async\" src=\"data:image\/png;base64,iVBORw0KGgoAAAANSUhEUgAAAIAAAACACAYAAADDPmHLAAAAAXNSR0IArs4c6QAACglJREFUeF7tXVmsZUUVXUtFEDUgDqgJKggiEocAIoM4RYGY2EEwjqRVUCGBEJVEDUID0ooxiiExOEBEwBEFREiMBu2ICIq2+gEqEUTiEDX90TgQRGF71uvz2tv93r33VJ0691bV3ZW8j5dbe59de61Tp8a9CS+dPGBmOwN4F4DjADwHwG6dBPOodC+AOwB8E8CnSW5eNot52Je3FWZ2MIBvANgjb0s7WbcJwPEkv6PaToApPjOzAwD8EIB6gFrKgwBeTfK7ToAJkJrZDgB+BWDvWpAfaYd6gr2dAJMJsBbAZRWCv9ykM5wAkwlwNYDXVkyAW50AkwlwG4D9KybAZifAZAL8BsC+FRPAZwGTwDUzTZWOdALU7IHJPcB7AXyi5ub7J2AyAXZtFk3uBPD4WkngBJi+EPR6AF+tddHMCdDh1TazEwFcBOCRHaoXVcUJ0BEuM3s2gHUA1gB4dEex7Kv1IoCZPQKA1sq1WaLpkjZL5JxdADxshq1\/CMDfAPy6mbd\/neStQz3bzNQL7AngMUM9Y0TvhwEcNeRzgglgZgJWRr2lfRseO6SBkbqvA3ACSa13F1nMTLMPzUIGLZ0J0AKvtfH3N4MidYe5l7sAHEZSPUNRZVbgyymdCGBmL9RBAgAHFuVJ4AaSryrJ5lmCP5UAZiaCvA\/A+uZP3\/sSy1Ha9y7B8FmDP5EA7WDn8mZg9YYSnDfBxktJnpB7G+YB\/lgCmNmOzej+W5Wsg\/+cZNafrnmBvyoBzOzhzaHHKwEcm\/tb09G+u0hme6JnnuCPI4Dmnmd0dG4J1W4ieUSOhs4b\/BUEMLNXAtAW6CwXcYbGZj3Js4Z+SKj+HMDfhgBmthOA2wHsFdqYjOs\/AGA\/kr\/LycYBwP8+gFfEtHHrOoCZnQngvBglGcucTfJDOdk3APgXtHcWbo5p5xIBzEzr2r+vbN\/7cwBOJmkxjhlCZgjwSZ7enFw6tJmx9SLAKQA+NUSj56BT3f2ZJL8yh2ePfeRQ4LcvcG8C\/KTd0evjs\/sBbADwi2YT4+99FEXIajfwr+0ljo05vfUtQKk3di7Qm7\/sp149gJk9A8DdEU4fFfms9spL3Hjp2e6p4kO++akI8HYAn5\/aktUr6Pv6DpKx8pGPLUNsFuD3\/gSY2cUCMdKlHyH5wUjZqsVmBX4KAujm64sj0PgzgH1I3hchW7XILMFPQYA\/AXhqBCLbDEQi5KsUmTX4KQjwj8jzba8jeVWVKEY2ah7gpyCAggXErP0fQfKmSF9VJzYv8FMQIHalTOftbqkOyYgGNecnzgfwgQjRcSKfJNn5QGjfdQAnQA\/k5g2+9wA9wOsrmgP4ToC+KEbK5wK+EyASwD5iOYHvBOiDZIRsbuA7ASJAjBXJEXwnQCyagXK5gu8ECAQypnrO4DsBYhANkMkdfCdAAJihVUsA3wkQimrH+qWA7wToCGhItZLAdwKEINuh7jx39TqYt2oVMzukidoSszFnNDPfDGrdWtqbv8wGM3tWmxEklEObnAD\/B3\/Qo9uhyITUb6\/1KR5SaPSyG50AW25GFQv+SC+gizBvDCEOgNMWngA1gN8OBJXISpdyugaz1FXA\/RaaALWAP9IL6Hi\/7kROC\/71r+YW10tJblxYAtQG\/ggJFNtYEd3GpbVTDoQ3kfylZBaSALWCP0KCxwHQjS8F9Hxac1n2v834QMBfq8DXJPX\/Ulk4ApQ61Qsc3HWuvlAEcPBX8mJhCODgr94pLAQBHPzxX4TqCeDgTx4OVE0AB3\/6WLBaAjj408Gvdhro4HcDv0oCOPjdwa+OAA5+GPhVEcDBDwe\/GgI4+HHgV0EABz8e\/OIJ4OD3A79oAtS+pStwzEyZTpTv6CUAngxAAb106udrJJXXoXcpciGodvDbHI0Kc6+MbTuMQfl7St5JUjGSo0txBGiOsZ\/dtPac6BavFMwu3qGZKfSuDnRMK0qOeUifDKlFEcDMXg5AzJ925m2a45Z\/zxH8twL4QtcG6JRPc7zrmID621QtjQCKS3h4bGO3k8sRfMVrVL6Dpwe28WCSPw2UWapeDAHMTOFs\/5jo7c8O\/HbQpyzsyt0QWj5GUjmdg0tJBFAO4BQpYIOCMAZ7tIeAmb2tefsvjVBxfXPE+zURckX1AGvaU60x7cz2mz\/aGDN7DwAlgQottzT5kQ8LFSrtE3AAgI0xjWxlsuz2tyOAwsPqmlpoWQgCKKXtX5rkVk8I9Y7eqtEcOxHyMxExMyfAJE9HrgFk+83fvq1OgCnvmZnp+vOPADy\/4ytZxJu\/3BYnQAdUzWwPANcDeN6E6gp6cU5uWUOnNc8JMM1D7e9tT6C8eacCeOKImIDXYtFZJH\/QUV021ZwAgVC0mybqCdQr\/FOJI\/tujgSakLS6EyCpO8tT5gQoD7OkFjsBkrqzPGVOgPIwS2qxEyCpO8tT5gQoD7OkFjsBkrqzPGVOgPIwS2qxEyCpO8tT5gQoD7OkFjsBkrqzPGVOgPIwS2qxEyCpO8tT5gQoD7OkFjsBkrqzPGVOgPIwS2qxEyCpO8tT5gQoD7OkFjsBkrqzPGVOgPIwS2rxvAjwUOSN28NJ3pzUAwuuzMx00vnjEW7odTXsPgCPinjoGpLXRci5yBgPNPn\/Pgog5pr3DSR1ezq46Hq4Ysw8KVgSWEfyvAg5FxlPgG8DODrCQdeQPDZCbul6uCJLHBQhfJuuaJHUJ8RLTw+Y2e5NXKB7AOwYoepCku+OkFsiwJcAvDlGWIGMSIbEs4l8TP1iTQQU5ft7Z2RLTyF5UYysCHAagAtjhAEoAeHLSP4sUt7FtsQDPBHAJT2ccZCSQMbIiwC6abuURDCyiAS6o3e5fw7CPGhmO+seYzvwi418tlkxE0g+GPb0LbVFAD34twCeGaNgROZ2AFe2ZNLAcmtywp56axPfCcBT2mhnSvasCKB9yhUk18YqWGJdQ4JzAayLVeJyc\/XA0X3Cxi4TQCy8G4DY6aUcDygd7P59Pr1bvztm9hkAJ5XTdre0CSq5luQVfTwxSgAtBt0BYNc+Cl12Zh7QzOtFfd7+pUHgqLlmph5APYGXvD3wHwCHxk79Rpu2YuphZlcBiFpWzNtnVVl3OsmYgJIrnLAaAXYBcOOUIExVebOwxnwZwPEkFQ+pd1l18aENzKxgS3v2foIrSOkBZQnRLuwDqZSOXX1qZgWaGmp36gWpHuZ6enngGu3ZkLy\/l5bthCcuP5qZPgfKXuFjgpReD9Ol3db1zYD93L4j\/tUe22n92cxObrYpz\/cpYhhyCWprif4kkhsS6FpVRScCSLLdr9aSsWLax+xZD9WGGvVuaqOGK87xv4dsYGcCLBvRDhC1XqAzBEpr5iWNBzSq\/3Hj0y82g+\/LSGqXdfASTIBRi5o1g+fqPAAApTrZt811o4DO+vMy3gP3tpFN72xXXxUAewPJP8zaaf8DZKptaDm73s0AAAAASUVORK5CYII=\" alt=\"\"><\/span>&nbsp;\u200bEdital FUNBIO\n            <\/a>\n          <\/div>\n        <\/div>\n        <p class=\"u-text u-text-palette-1-base u-text-11\"> A primeira janela do Edital aconteceu no per\u00edodo de 03 de Junho a 05 de Agosto para submiss\u00e3o de projetos.<br>Foram recebidos 16 projetos nesse per\u00edodo, sendo 7&nbsp;de est\u00e1gio 1 e 9 de\n     est\u00e1gio 2.&nbsp; Ao total foram submetidos projetos de 16 institui\u00e7\u00f5es diferentes , 5 delas localizadas no\n     Esp\u00edrito Santo, 10 na Bahia e 1 trabalhando nos dois Estados.&nbsp;<br>\n          <br><b>\n            <a href=\"https:\/\/agenciadenoticias.bndes.gov.br\/detalhe\/noticia\/BNDES-divulga-lista-de-projetos-que-terao-R$-815-mi-em-apoio-para-restauracao-da-Mata-Atlantica\/\" class=\"u-active-none u-border-none u-btn u-button-style u-hover-none u-none u-text-palette-1-base u-btn-3\">Resultado 1\u00aa chamada do Edital&nbsp;&nbsp;<\/a><\/b><b><\/b>\n          <br>\n          <br>Veja a lista dos sete projetos aprovados&nbsp;<b>que ter\u00e3o R$ 8,15 mi <\/b><b>em apoio para a restaura\u00e7\u00e3o da Mata Atl\u00e2ntica. <span style=\"font-weight: 400;\">A<\/span>&nbsp;<\/b>divulga\u00e7\u00e3o ocorreu no dia 28 de fevereiro de 2025:<br>\n          <br><b>1 - \u201cConstruindo\n     Futuro com Sustentabilidade\u201d<\/b>\n          <br> Proponente:\nAssocia\u00e7\u00e3o de Produtores Rurais do Assentamento Pedra Bonita (BA)\n\u00c1rea: 6,83\nhectares&nbsp;<br>Investimento:\nR$ 199.278,00;<b>\n            <br>\n            <br>2 - \u201cSemear\n     Mata Atl\u00e2ntica\u201d<\/b>\n          <br> Proponente:\nInstituto Marinho para o Equil\u00edbrio Socioambiental (ES)&nbsp;<br>\u00c1rea: 6\nhectares&nbsp;<br>Investimento:\nR$ 199.405,00;<br>\n          <br>3 -&nbsp;<b>\u201cColhendo\n     para Semear\u201d<\/b>\n          <br> Proponente:\nSociedade Amigos por Ita\u00fanas \u2013 SAPI (ES)&nbsp;<br>\u00c1rea: 7\nhectares&nbsp;<br>Investimento:\nR$ 200.000,00;<br>\n          <br>4 -&nbsp;<b>\u201cFlorestas\n     Integradas: Corredor Etnoecol\u00f3gico Maturemb\u00e1\u201d<\/b>\n          <br> Proponente:\nFunda\u00e7\u00e3o Jos\u00e9 Silveira\/Programa Arboretum (ES e BA)\n\u00c1rea: 70\nhectares\nInvestimento:\nR$ 2.077.579,18;<br>\n          <br>5 -&nbsp;<b>\u201cIMAMAK\u00c3\n     TANARA\u201d<\/b>\n          <br> Proponente:\nInstituto M\u00e3e Terra (BA)&nbsp;<br>\u00c1rea: 64,5\nhectares&nbsp;<br>Investimento:\nR$ 1.819.675,76;<br>\n          <br>6 -&nbsp;<b>\u201cReconectando\n     Florestas\u201d<\/b>\n          <br> Proponente:\nInstituto Ciclos de Sustentabilidade e Cidadania (BA)&nbsp;<br>\u00c1rea: 52,7\nhectares&nbsp;<br>Investimento:\nR$ 1.660.803,02;<br>\n          <br>7 -&nbsp;<b>\u201cReconectando\n     Florestas: Imbirema Up\u00e2 Matur\u0113b\u00e1\u201d<\/b>\n          <br> Proponente:\nGrupo Ambiental Natureza Bela (BA)&nbsp;<br>\u00c1rea: 278\nhectares&nbsp;<br>Investimento:\nR$ 1.998.462,00.\n        <\/p>\n      <\/div>\n    <\/section>\n    <section class=\"custom-cursor-default-hover u-clearfix u-section-5\" id=\"block-1\">\n      <div class=\"u-clearfix u-sheet u-valign-middle-md u-valign-top-lg u-valign-top-sm u-sheet-1\">\n        <p class=\"u-text u-text-palette-1-base u-text-1\"> No dia 29 de maio de 2025, foi realizada a Reuni\u00e3o Conex\u00e3o em Rede, com o lan\u00e7amento da chamada para o edital e esclarecidas d\u00favidas de desenvolvedores, comunidades e institui\u00e7\u00f5es interessadas, em Porto Seguro, sede da iNovaland Brasil.<\/p>\n        <div class=\"u-container-style u-expanded-width-xs u-group u-image lazyload u-image-1\" data-image-width=\"1600\" data-image-height=\"720\" data-bg=\"url(&quot;https:\/\/fasb.inovaland.earth\/wp-content\/uploads\/2025\/06\/ok-5ReunioConexoemRedeFASB_29e30-05-25_credit_FASB189.jpeg&quot;)\">\n          <div class=\"custom-cursor-default-hover u-container-layout u-valign-top u-container-layout-1\">\n            <h4 class=\"u-text u-text-default u-text-palette-4-dark-2 u-text-2\">&nbsp;<\/h4>\n            <h5 class=\"u-text u-text-default u-text-palette-4-dark-2 u-text-3\">&nbsp;&nbsp;<\/h5>\n            <p class=\"u-text u-text-default u-text-palette-4-dark-2 u-text-4\">&nbsp;&nbsp;<\/p>\n          <\/div>\n        <\/div>\n        <img class=\"custom-cursor-default-hover custom-expanded u-expanded-width-lg u-expanded-width-md u-expanded-width-sm u-expanded-width-xl u-image u-image-contain u-image-default lazyload u-image-2\" alt=\"\" data-image-width=\"1920\" data-image-height=\"378\" data-src=\"https:\/\/fasb.inovaland.earth\/wp-content\/uploads\/2025\/05\/funbio_florestaViva_barra_01_horizontal_cor_cmyk.jpg\" loading=\"lazy\">\n      <\/div>\n    <\/section>\n    \n    \n    \n    \n  \n","protected":false},"excerpt":{"rendered":"<p>Conectando Paisagens Floresta Viva Conectando Paisagens FASB O Floresta Viva Conectando Paisagens FASB est\u00e1 sendo realizado com recursos da iNovaland\u00ae Investment Limited e do Banco Nacional de Desenvolvimento Econ\u00f4mico e Social (BNDES), tendo o aporte de cerca de 3 milh\u00f5es de Euros &#8211; divididas em duas chamadas &#8211; para apoiar a restaura\u00e7\u00e3o ecol\u00f3gica e fortalecimento &hellip; <a href=\"https:\/\/fasb.inovaland.earth\/en\/conectando-paisagens\/\" class=\"more-link\">Continue reading<span class=\"screen-reader-text\"> &#8220;Conectando Paisagens&#8221;<\/span><\/a><\/p>","protected":false},"author":2,"featured_media":0,"parent":0,"menu_order":0,"comment_status":"closed","ping_status":"closed","template":"","meta":{"footnotes":""},"class_list":["post-1266","page","type-page","status-publish","hentry"],"jetpack_sharing_enabled":true,"_links":{"self":[{"href":"https:\/\/fasb.inovaland.earth\/en\/wp-json\/wp\/v2\/pages\/1266","targetHints":{"allow":["GET"]}}],"collection":[{"href":"https:\/\/fasb.inovaland.earth\/en\/wp-json\/wp\/v2\/pages"}],"about":[{"href":"https:\/\/fasb.inovaland.earth\/en\/wp-json\/wp\/v2\/types\/page"}],"author":[{"embeddable":true,"href":"https:\/\/fasb.inovaland.earth\/en\/wp-json\/wp\/v2\/users\/2"}],"replies":[{"embeddable":true,"href":"https:\/\/fasb.inovaland.earth\/en\/wp-json\/wp\/v2\/comments?post=1266"}],"version-history":[{"count":65,"href":"https:\/\/fasb.inovaland.earth\/en\/wp-json\/wp\/v2\/pages\/1266\/revisions"}],"predecessor-version":[{"id":2166,"href":"https:\/\/fasb.inovaland.earth\/en\/wp-json\/wp\/v2\/pages\/1266\/revisions\/2166"}],"wp:attachment":[{"href":"https:\/\/fasb.inovaland.earth\/en\/wp-json\/wp\/v2\/media?parent=1266"}],"curies":[{"name":"wp","href":"https:\/\/api.w.org\/{rel}","templated":true}]}}