{"id":988,"date":"2024-04-07T19:13:46","date_gmt":"2024-04-07T22:13:46","guid":{"rendered":"https:\/\/fasb.inovaland.earth\/?page_id=988"},"modified":"2026-04-13T04:55:54","modified_gmt":"2026-04-13T07:55:54","slug":"equipe-e-contatos","status":"publish","type":"page","link":"https:\/\/fasb.inovaland.earth\/en\/equipe-e-contatos\/","title":{"rendered":"Team and Contacts"},"content":{"rendered":"<section class=\"u-align-left u-clearfix u-container-align-left u-image u-shading lazyload u-section-2\" src=\"\" id=\"sec-1139\" data-image-width=\"1280\" data-image-height=\"960\" data-bg=\"linear-gradient(0deg, rgba(0, 0, 0, 0.15), rgba(0, 0, 0, 0.15)), url('https:\/\/fasb.inovaland.earth\/wp-content\/uploads\/2024\/07\/our_team.png')\">\n      <div class=\"u-container-style u-expanded-width u-group u-opacity u-opacity-80 u-shape-rectangle u-white u-group-1\">\n        <div class=\"u-container-layout u-container-layout-1\">\n          <div class=\"custom-expanded data-layout-selected u-clearfix u-layout-wrap u-layout-wrap-1\">\n            <div class=\"u-layout\">\n              <div class=\"u-layout-row\">\n                <div class=\"u-container-style u-layout-cell u-size-26-lg u-size-26-xl u-size-31-md u-size-31-sm u-size-31-xs u-layout-cell-1\">\n                  <div class=\"u-container-layout u-valign-middle-md u-valign-middle-sm u-valign-middle-xs u-valign-top-lg u-valign-top-xl u-container-layout-2\">\n                    <h1 class=\"u-align-left-xs u-text u-text-body-color u-text-default u-text-1\">Equipe FASB<\/h1>\n                  <\/div>\n                <\/div>\n                <div class=\"u-container-style u-layout-cell u-size-29-md u-size-29-sm u-size-29-xs u-size-34-lg u-size-34-xl u-layout-cell-2\">\n                  <div class=\"u-container-layout u-valign-middle-md u-valign-middle-sm u-container-layout-3\">\n                    <p class=\"u-align-left-xs u-large-text u-text u-text-body-color u-text-default-lg u-text-default-md u-text-default-sm u-text-default-xl u-text-variant u-text-2\">Conhe\u00e7a a equipe do projeto&nbsp;<\/p>\n                  <\/div>\n                <\/div>\n              <\/div>\n            <\/div>\n          <\/div>\n        <\/div>\n      <\/div>\n      <div class=\"u-list u-list-1\">\n        <div class=\"u-repeater u-repeater-1\">\n          <div class=\"u-container-style u-image u-list-item u-radius u-repeater-item lazyload u-image-1\" data-image-width=\"300\" data-image-height=\"400\" data-bg=\"url(&quot;https:\/\/fasb.inovaland.earth\/wp-content\/uploads\/2025\/07\/BrenoNeves.jpg&quot;)\">\n            <div class=\"u-container-layout u-similar-container u-container-layout-4\">\n              <div class=\"u-social-icons u-social-icons-1\">\n                <a class=\"u-social-url\" target=\"_blank\" data-type=\"LinkedIn\" title=\"LinkedIn\" href=\"https:\/\/www.linkedin.com\/in\/breno-neves-322860105\/\"><span class=\"u-icon u-social-icon u-social-linkedin u-icon-1\"><svg class=\"u-svg-link\" preserveaspectratio=\"xMidYMin slice\" viewbox=\"0 0 112 112\" style=\"\"><use xmlns:xlink=\"http:\/\/www.w3.org\/1999\/xlink\" xlink:href=\"#svg-ac3e\"><\/use><\/svg><svg class=\"u-svg-content\" viewbox=\"0 0 112 112\" x=\"0\" y=\"0\" id=\"svg-ac3e\"><circle fill=\"currentColor\" cx=\"56.1\" cy=\"56.1\" r=\"55\"><\/circle><path fill=\"#FFFFFF\" d=\"M41.3,83.7H27.9V43.4h13.4V83.7z M34.6,37.9L34.6,37.9c-4.6,0-7.5-3.1-7.5-7c0-4,3-7,7.6-7s7.4,3,7.5,7      C42.2,34.8,39.2,37.9,34.6,37.9z M89.6,83.7H76.2V62.2c0-5.4-1.9-9.1-6.8-9.1c-3.7,0-5.9,2.5-6.9,4.9c-0.4,0.9-0.4,2.1-0.4,3.3v22.5      H48.7c0,0,0.2-36.5,0-40.3h13.4v5.7c1.8-2.7,5-6.7,12.1-6.7c8.8,0,15.4,5.8,15.4,18.1V83.7z\"><\/path><\/svg><\/span>\n                <\/a>\n              <\/div>\n              <div class=\"u-container-style u-expanded-width u-group u-palette-1-light-2 u-radius u-shape-round u-group-2\">\n                <div class=\"u-container-layout u-container-layout-5\">\n                  <h6 class=\"u-align-center u-text u-text-palette-1-dark-3 u-text-3\"> Field Officer<\/h6>\n                  <p class=\"u-align-center u-small-text u-text u-text-variant u-text-4\"> Field Officer<\/p>\n                <\/div>\n              <\/div>\n            <\/div>\n          <\/div>\n          <div class=\"u-container-style u-image u-list-item u-radius u-repeater-item lazyload u-image-2\" data-image-width=\"300\" data-image-height=\"400\" data-bg=\"url(&quot;https:\/\/fasb.inovaland.earth\/wp-content\/uploads\/2025\/07\/FilipeRocha.jpg&quot;)\">\n            <div class=\"u-container-layout u-similar-container u-container-layout-6\">\n              <div class=\"u-social-icons u-social-icons-2\">\n                <a class=\"u-social-url\" target=\"_blank\" data-type=\"LinkedIn\" title=\"LinkedIn\" href=\"https:\/\/www.linkedin.com\/in\/felipe-da-rocha-araujo-36978b190\"><span class=\"u-icon u-social-icon u-social-linkedin u-icon-2\"><svg class=\"u-svg-link\" preserveaspectratio=\"xMidYMin slice\" viewbox=\"0 0 112 112\" style=\"\"><use xmlns:xlink=\"http:\/\/www.w3.org\/1999\/xlink\" xlink:href=\"#svg-ac3e\"><\/use><\/svg><svg class=\"u-svg-content\" viewbox=\"0 0 112 112\" x=\"0\" y=\"0\" id=\"svg-ac3e\"><circle fill=\"currentColor\" cx=\"56.1\" cy=\"56.1\" r=\"55\"><\/circle><path fill=\"#FFFFFF\" d=\"M41.3,83.7H27.9V43.4h13.4V83.7z M34.6,37.9L34.6,37.9c-4.6,0-7.5-3.1-7.5-7c0-4,3-7,7.6-7s7.4,3,7.5,7      C42.2,34.8,39.2,37.9,34.6,37.9z M89.6,83.7H76.2V62.2c0-5.4-1.9-9.1-6.8-9.1c-3.7,0-5.9,2.5-6.9,4.9c-0.4,0.9-0.4,2.1-0.4,3.3v22.5      H48.7c0,0,0.2-36.5,0-40.3h13.4v5.7c1.8-2.7,5-6.7,12.1-6.7c8.8,0,15.4,5.8,15.4,18.1V83.7z\"><\/path><\/svg><\/span>\n                <\/a>\n              <\/div>\n              <div class=\"u-container-style u-expanded-width u-group u-palette-1-light-2 u-radius u-shape-round u-group-3\">\n                <div class=\"u-container-layout u-container-layout-7\">\n                  <h6 class=\"u-align-center u-text u-text-palette-1-dark-3 u-text-5\">Field Officer<\/h6>\n                  <p class=\"u-align-center u-small-text u-text u-text-variant u-text-6\"><b><\/b>Field Officer\n                  <\/p>\n                <\/div>\n              <\/div>\n            <\/div>\n          <\/div>\n          <div class=\"u-container-style u-image u-list-item u-radius u-repeater-item lazyload u-image-3\" data-image-width=\"300\" data-image-height=\"400\" data-bg=\"url(&quot;https:\/\/fasb.inovaland.earth\/wp-content\/uploads\/2026\/04\/Icaro_Paolo.jpg&quot;)\">\n            <div class=\"u-container-layout u-similar-container u-container-layout-8\">\n              <div class=\"u-social-icons u-social-icons-3\">\n                <a class=\"u-social-url\" target=\"_blank\" data-type=\"LinkedIn\" title=\"LinkedIn\" href=\"https:\/\/www.linkedin.com\/in\/icaropaolo\/\"><span class=\"u-icon u-social-icon u-social-linkedin u-icon-3\"><svg class=\"u-svg-link\" preserveaspectratio=\"xMidYMin slice\" viewbox=\"0 0 112 112\" style=\"\"><use xmlns:xlink=\"http:\/\/www.w3.org\/1999\/xlink\" xlink:href=\"#svg-ac3e\"><\/use><\/svg><svg class=\"u-svg-content\" viewbox=\"0 0 112 112\" x=\"0\" y=\"0\" id=\"svg-ac3e\"><circle fill=\"currentColor\" cx=\"56.1\" cy=\"56.1\" r=\"55\"><\/circle><path fill=\"#FFFFFF\" d=\"M41.3,83.7H27.9V43.4h13.4V83.7z M34.6,37.9L34.6,37.9c-4.6,0-7.5-3.1-7.5-7c0-4,3-7,7.6-7s7.4,3,7.5,7      C42.2,34.8,39.2,37.9,34.6,37.9z M89.6,83.7H76.2V62.2c0-5.4-1.9-9.1-6.8-9.1c-3.7,0-5.9,2.5-6.9,4.9c-0.4,0.9-0.4,2.1-0.4,3.3v22.5      H48.7c0,0,0.2-36.5,0-40.3h13.4v5.7c1.8-2.7,5-6.7,12.1-6.7c8.8,0,15.4,5.8,15.4,18.1V83.7z\"><\/path><\/svg><\/span>\n                <\/a>\n              <\/div>\n              <div class=\"u-container-style u-expanded-width u-group u-palette-1-light-2 u-radius u-shape-round u-group-4\">\n                <div class=\"u-container-layout u-container-layout-9\">\n                  <h6 class=\"u-align-center u-text u-text-palette-1-dark-3 u-text-7\">\u00cdcaro Paolo<\/h6>\n                  <p class=\"u-align-center u-small-text u-text u-text-variant u-text-8\"> Executive Manager<\/p>\n                <\/div>\n              <\/div>\n            <\/div>\n          <\/div>\n          <div class=\"u-container-style u-image u-list-item u-radius u-repeater-item lazyload u-image-4\" data-image-width=\"300\" data-image-height=\"400\" data-bg=\"url(&quot;https:\/\/fasb.inovaland.earth\/wp-content\/uploads\/2025\/07\/KarinaGerin.jpg&quot;)\">\n            <div class=\"u-container-layout u-similar-container u-container-layout-10\">\n              <div class=\"u-social-icons u-social-icons-4\">\n                <a class=\"u-social-url\" target=\"_blank\" data-type=\"LinkedIn\" title=\"LinkedIn\" href=\"https:\/\/www.linkedin.com\/in\/karina-gerin-62b685172\/\"><span class=\"u-icon u-social-icon u-social-linkedin u-icon-4\"><svg class=\"u-svg-link\" preserveaspectratio=\"xMidYMin slice\" viewbox=\"0 0 112 112\" style=\"\"><use xmlns:xlink=\"http:\/\/www.w3.org\/1999\/xlink\" xlink:href=\"#svg-ac3e\"><\/use><\/svg><svg class=\"u-svg-content\" viewbox=\"0 0 112 112\" x=\"0\" y=\"0\" id=\"svg-ac3e\"><circle fill=\"currentColor\" cx=\"56.1\" cy=\"56.1\" r=\"55\"><\/circle><path fill=\"#FFFFFF\" d=\"M41.3,83.7H27.9V43.4h13.4V83.7z M34.6,37.9L34.6,37.9c-4.6,0-7.5-3.1-7.5-7c0-4,3-7,7.6-7s7.4,3,7.5,7      C42.2,34.8,39.2,37.9,34.6,37.9z M89.6,83.7H76.2V62.2c0-5.4-1.9-9.1-6.8-9.1c-3.7,0-5.9,2.5-6.9,4.9c-0.4,0.9-0.4,2.1-0.4,3.3v22.5      H48.7c0,0,0.2-36.5,0-40.3h13.4v5.7c1.8-2.7,5-6.7,12.1-6.7c8.8,0,15.4,5.8,15.4,18.1V83.7z\"><\/path><\/svg><\/span>\n                <\/a>\n              <\/div>\n              <div class=\"u-container-style u-expanded-width u-group u-palette-1-light-2 u-radius u-shape-round u-group-5\">\n                <div class=\"u-container-layout u-container-layout-11\">\n                  <h6 class=\"u-align-center u-text u-text-palette-1-dark-3 u-text-9\">Karina Gerin<\/h6>\n                  <p class=\"u-align-center u-small-text u-text u-text-variant u-text-10\"> Communication Especialist<\/p>\n                <\/div>\n              <\/div>\n            <\/div>\n          <\/div>\n          <div class=\"u-container-style u-image u-list-item u-radius u-repeater-item lazyload u-image-5\" data-image-width=\"300\" data-image-height=\"400\" data-bg=\"url(&quot;https:\/\/fasb.inovaland.earth\/wp-content\/uploads\/2025\/07\/MarcioBraga.jpg&quot;)\">\n            <div class=\"u-container-layout u-similar-container u-container-layout-12\">\n              <div class=\"u-social-icons u-social-icons-5\">\n                <a class=\"u-social-url\" target=\"_blank\" data-type=\"LinkedIn\" title=\"LinkedIn\" href=\"https:\/\/www.linkedin.com\/company\/inovaland-group\/\"><span class=\"u-icon u-social-icon u-social-linkedin u-icon-5\"><svg class=\"u-svg-link\" preserveaspectratio=\"xMidYMin slice\" viewbox=\"0 0 112 112\" style=\"\"><use xmlns:xlink=\"http:\/\/www.w3.org\/1999\/xlink\" xlink:href=\"#svg-ac3e\"><\/use><\/svg><svg class=\"u-svg-content\" viewbox=\"0 0 112 112\" x=\"0\" y=\"0\" id=\"svg-ac3e\"><circle fill=\"currentColor\" cx=\"56.1\" cy=\"56.1\" r=\"55\"><\/circle><path fill=\"#FFFFFF\" d=\"M41.3,83.7H27.9V43.4h13.4V83.7z M34.6,37.9L34.6,37.9c-4.6,0-7.5-3.1-7.5-7c0-4,3-7,7.6-7s7.4,3,7.5,7      C42.2,34.8,39.2,37.9,34.6,37.9z M89.6,83.7H76.2V62.2c0-5.4-1.9-9.1-6.8-9.1c-3.7,0-5.9,2.5-6.9,4.9c-0.4,0.9-0.4,2.1-0.4,3.3v22.5      H48.7c0,0,0.2-36.5,0-40.3h13.4v5.7c1.8-2.7,5-6.7,12.1-6.7c8.8,0,15.4,5.8,15.4,18.1V83.7z\"><\/path><\/svg><\/span>\n                <\/a>\n              <\/div>\n              <div class=\"u-container-style u-expanded-width u-group u-palette-1-light-2 u-radius u-shape-round u-group-6\">\n                <div class=\"u-container-layout u-container-layout-13\">\n                  <h6 class=\"u-align-center u-text u-text-palette-1-dark-3 u-text-11\"> Marcio Braga<\/h6>\n                  <p class=\"u-align-center u-small-text u-text u-text-variant u-text-12\">General Director<\/p>\n                <\/div>\n              <\/div>\n            <\/div>\n          <\/div>\n          <div class=\"u-container-style u-image u-list-item u-radius u-repeater-item lazyload u-image-6\" data-image-width=\"300\" data-image-height=\"400\" data-bg=\"url(&quot;https:\/\/fasb.inovaland.earth\/wp-content\/uploads\/2025\/07\/RaonyPalicerdeLima.jpg&quot;)\">\n            <div class=\"u-container-layout u-similar-container u-container-layout-14\">\n              <div class=\"u-social-icons u-social-icons-6\">\n                <a class=\"u-social-url\" target=\"_blank\" data-type=\"LinkedIn\" title=\"LinkedIn\" href=\"https:\/\/www.linkedin.com\/in\/raony-palicer-493765262\/\"><span class=\"u-icon u-social-icon u-social-linkedin u-icon-6\"><svg class=\"u-svg-link\" preserveaspectratio=\"xMidYMin slice\" viewbox=\"0 0 112 112\" style=\"\"><use xmlns:xlink=\"http:\/\/www.w3.org\/1999\/xlink\" xlink:href=\"#svg-ac3e\"><\/use><\/svg><svg class=\"u-svg-content\" viewbox=\"0 0 112 112\" x=\"0\" y=\"0\" id=\"svg-ac3e\"><circle fill=\"currentColor\" cx=\"56.1\" cy=\"56.1\" r=\"55\"><\/circle><path fill=\"#FFFFFF\" d=\"M41.3,83.7H27.9V43.4h13.4V83.7z M34.6,37.9L34.6,37.9c-4.6,0-7.5-3.1-7.5-7c0-4,3-7,7.6-7s7.4,3,7.5,7      C42.2,34.8,39.2,37.9,34.6,37.9z M89.6,83.7H76.2V62.2c0-5.4-1.9-9.1-6.8-9.1c-3.7,0-5.9,2.5-6.9,4.9c-0.4,0.9-0.4,2.1-0.4,3.3v22.5      H48.7c0,0,0.2-36.5,0-40.3h13.4v5.7c1.8-2.7,5-6.7,12.1-6.7c8.8,0,15.4,5.8,15.4,18.1V83.7z\"><\/path><\/svg><\/span>\n                <\/a>\n              <\/div>\n              <div class=\"u-container-style u-expanded-width u-group u-palette-1-light-2 u-radius u-shape-round u-group-7\">\n                <div class=\"u-container-layout u-container-layout-15\">\n                  <h6 class=\"u-align-center u-text u-text-palette-1-dark-3 u-text-13\">Raony Palicer de&nbsp; Lima<\/h6>\n                  <p class=\"u-align-center u-small-text u-text u-text-variant u-text-14\"><b style=\"\">Social Officer<\/b>\n                  <\/p>\n                <\/div>\n              <\/div>\n            <\/div>\n          <\/div>\n        <\/div>\n      <\/div>\n    <\/section>\n    <section class=\"u-align-center u-clearfix u-container-align-center u-grey-5 u-section-3\" id=\"sec-2a57\">\n      <div class=\"u-clearfix u-sheet u-sheet-1\">\n        <h1 class=\"u-text u-text-default u-text-1\"> Want to know more<\/h1>\n        <p class=\"u-text u-text-body-color u-text-2\"> To know more about FASB, related work or for information, contact us on:<br>&nbsp;<a href=\"mailto:comunicacao.fasb@inovaland.earth?subject=Pedido%20de%20informa%C3%A7%C3%B5es%20sobre%20o%20FASB\" class=\"u-active-none u-border-none u-btn u-button-link u-button-style u-hover-none u-none u-text-palette-1-base u-btn-1\">comunicacao.fasb@inovaland.earth<\/a>\n        <\/p>\n        <a href=\"mailto:comunicacao.fasb@inovaland.earth?subject=Pedido%20de%20informa%C3%A7%C3%B5es%20sobre%20o%20FASB\" class=\"u-btn u-button-style u-hover-palette-1-dark-1 u-palette-1-base u-btn-2\"><span class=\"u-file-icon u-icon u-text-white u-icon-1\"><img decoding=\"async\" src=\"\/525ee7036e77a\/725643.png\" alt=\"\"><\/span>contact us \n        <\/a>\n        <h3 class=\"u-text u-text-3\">Office<\/h3>\n        <p class=\"u-text u-text-4\">\n          <a class=\"u-active-none u-border-none u-btn u-button-link u-button-style u-hover-none u-none u-text-palette-1-base u-btn-3\" href=\"#\">Rua Assis Chateubriand, 68<br>&nbsp;Central Park, Loja 36<br>&nbsp;Centro&nbsp;<br>Cep: 45810-000&nbsp;<br>Porto Seguro - BA - Brazil \n          <\/a>\n        <\/p>\n      <\/div>\n    <\/section>","protected":false},"excerpt":{"rendered":"<p>Equipe FASB Conhe\u00e7a a equipe do projeto&nbsp; Breno Neves Especialista de Campo Felipe Rocha T\u00e9cnico de Campo \u00cdcaro Paolo Gerente Executivo Karina Gerin Especialista em Comunica\u00e7\u00e3o Marcio Braga Diretor\u200b Geral Raony Palicer de&nbsp; Lima Especialista Social Deseja saber mais? Para saber mais sobre o FASB, trabalhos relacionados ou para obter informa\u00e7\u00f5es, entre em contato conosco:&nbsp;comunicacao.fasb@inovaland.earth &hellip; <a href=\"https:\/\/fasb.inovaland.earth\/en\/equipe-e-contatos\/\" class=\"more-link\">Continue reading<span class=\"screen-reader-text\"> &#8220;Equipe e Contatos&#8221;<\/span><\/a><\/p>","protected":false},"author":2,"featured_media":0,"parent":0,"menu_order":0,"comment_status":"closed","ping_status":"closed","template":"","meta":{"footnotes":""},"class_list":["post-988","page","type-page","status-publish","hentry"],"jetpack_sharing_enabled":true,"_links":{"self":[{"href":"https:\/\/fasb.inovaland.earth\/en\/wp-json\/wp\/v2\/pages\/988","targetHints":{"allow":["GET"]}}],"collection":[{"href":"https:\/\/fasb.inovaland.earth\/en\/wp-json\/wp\/v2\/pages"}],"about":[{"href":"https:\/\/fasb.inovaland.earth\/en\/wp-json\/wp\/v2\/types\/page"}],"author":[{"embeddable":true,"href":"https:\/\/fasb.inovaland.earth\/en\/wp-json\/wp\/v2\/users\/2"}],"replies":[{"embeddable":true,"href":"https:\/\/fasb.inovaland.earth\/en\/wp-json\/wp\/v2\/comments?post=988"}],"version-history":[{"count":20,"href":"https:\/\/fasb.inovaland.earth\/en\/wp-json\/wp\/v2\/pages\/988\/revisions"}],"predecessor-version":[{"id":2405,"href":"https:\/\/fasb.inovaland.earth\/en\/wp-json\/wp\/v2\/pages\/988\/revisions\/2405"}],"wp:attachment":[{"href":"https:\/\/fasb.inovaland.earth\/en\/wp-json\/wp\/v2\/media?parent=988"}],"curies":[{"name":"wp","href":"https:\/\/api.w.org\/{rel}","templated":true}]}}